{"id":1226,"date":"2022-08-03T00:14:11","date_gmt":"2022-08-02T14:44:11","guid":{"rendered":"https:\/\/www.bigtalkslittlepeople.com\/?page_id=1226"},"modified":"2023-09-29T15:31:36","modified_gmt":"2023-09-29T06:01:36","slug":"tr-privacy-policy","status":"publish","type":"page","link":"https:\/\/bigtalkslittlepeople.com\/tr\/tr-privacy-policy\/","title":{"rendered":"G\u0130ZL\u0130L\u0130K POL\u0130T\u0130KASI"},"content":{"rendered":"","protected":false},"excerpt":{"rendered":"","protected":false},"author":5,"featured_media":0,"parent":0,"menu_order":1,"comment_status":"closed","ping_status":"open","template":"","meta":{"_acf_changed":false,"footnotes":""},"folder":[],"class_list":["post-1226","page","type-page","status-publish","hentry"],"acf":[],"yoast_head":"<!-- This site is optimized with the Yoast SEO plugin v26.6 - https:\/\/yoast.com\/wordpress\/plugins\/seo\/ -->\n<title>G\u0130ZL\u0130L\u0130K POL\u0130T\u0130KASI - Big Talks for Little People<\/title>\n<meta name=\"robots\" content=\"index, follow, max-snippet:-1, max-image-preview:large, max-video-preview:-1\" \/>\n<link rel=\"canonical\" href=\"https:\/\/bigtalkslittlepeople.com\/tr\/tr-privacy-policy\/\" \/>\n<meta property=\"og:locale\" content=\"tr_TR\" \/>\n<meta property=\"og:type\" content=\"article\" \/>\n<meta property=\"og:title\" content=\"G\u0130ZL\u0130L\u0130K POL\u0130T\u0130KASI - Big Talks for Little People\" \/>\n<meta property=\"og:url\" content=\"https:\/\/bigtalkslittlepeople.com\/tr\/tr-privacy-policy\/\" \/>\n<meta property=\"og:site_name\" content=\"Big Talks for Little People\" \/>\n<meta property=\"article:modified_time\" content=\"2023-09-29T06:01:36+00:00\" \/>\n<meta name=\"twitter:card\" content=\"summary_large_image\" \/>\n<script type=\"application\/ld+json\" class=\"yoast-schema-graph\">{\"@context\":\"https:\/\/schema.org\",\"@graph\":[{\"@type\":\"WebPage\",\"@id\":\"https:\/\/bigtalkslittlepeople.com\/tr\/tr-privacy-policy\/\",\"url\":\"https:\/\/bigtalkslittlepeople.com\/tr\/tr-privacy-policy\/\",\"name\":\"G\u0130ZL\u0130L\u0130K POL\u0130T\u0130KASI - Big Talks for Little People\",\"isPartOf\":{\"@id\":\"https:\/\/bigtalkslittlepeople.com\/tr\/#website\"},\"datePublished\":\"2022-08-02T14:44:11+00:00\",\"dateModified\":\"2023-09-29T06:01:36+00:00\",\"breadcrumb\":{\"@id\":\"https:\/\/bigtalkslittlepeople.com\/tr\/tr-privacy-policy\/#breadcrumb\"},\"inLanguage\":\"tr\",\"potentialAction\":[{\"@type\":\"ReadAction\",\"target\":[\"https:\/\/bigtalkslittlepeople.com\/tr\/tr-privacy-policy\/\"]}]},{\"@type\":\"BreadcrumbList\",\"@id\":\"https:\/\/bigtalkslittlepeople.com\/tr\/tr-privacy-policy\/#breadcrumb\",\"itemListElement\":[{\"@type\":\"ListItem\",\"position\":1,\"name\":\"Home\",\"item\":\"https:\/\/bigtalkslittlepeople.com\/tr\/\"},{\"@type\":\"ListItem\",\"position\":2,\"name\":\"G\u0130ZL\u0130L\u0130K POL\u0130T\u0130KASI\"}]},{\"@type\":\"WebSite\",\"@id\":\"https:\/\/bigtalkslittlepeople.com\/tr\/#website\",\"url\":\"https:\/\/bigtalkslittlepeople.com\/tr\/\",\"name\":\"Big Talks for Little People\",\"description\":\"\",\"potentialAction\":[{\"@type\":\"SearchAction\",\"target\":{\"@type\":\"EntryPoint\",\"urlTemplate\":\"https:\/\/bigtalkslittlepeople.com\/tr\/?s={search_term_string}\"},\"query-input\":{\"@type\":\"PropertyValueSpecification\",\"valueRequired\":true,\"valueName\":\"search_term_string\"}}],\"inLanguage\":\"tr\"}]}<\/script>\n<!-- \/ Yoast SEO plugin. -->","yoast_head_json":{"title":"G\u0130ZL\u0130L\u0130K POL\u0130T\u0130KASI - Big Talks for Little People","robots":{"index":"index","follow":"follow","max-snippet":"max-snippet:-1","max-image-preview":"max-image-preview:large","max-video-preview":"max-video-preview:-1"},"canonical":"https:\/\/bigtalkslittlepeople.com\/tr\/tr-privacy-policy\/","og_locale":"tr_TR","og_type":"article","og_title":"G\u0130ZL\u0130L\u0130K POL\u0130T\u0130KASI - Big Talks for Little People","og_url":"https:\/\/bigtalkslittlepeople.com\/tr\/tr-privacy-policy\/","og_site_name":"Big Talks for Little People","article_modified_time":"2023-09-29T06:01:36+00:00","twitter_card":"summary_large_image","schema":{"@context":"https:\/\/schema.org","@graph":[{"@type":"WebPage","@id":"https:\/\/bigtalkslittlepeople.com\/tr\/tr-privacy-policy\/","url":"https:\/\/bigtalkslittlepeople.com\/tr\/tr-privacy-policy\/","name":"G\u0130ZL\u0130L\u0130K POL\u0130T\u0130KASI - Big Talks for Little People","isPartOf":{"@id":"https:\/\/bigtalkslittlepeople.com\/tr\/#website"},"datePublished":"2022-08-02T14:44:11+00:00","dateModified":"2023-09-29T06:01:36+00:00","breadcrumb":{"@id":"https:\/\/bigtalkslittlepeople.com\/tr\/tr-privacy-policy\/#breadcrumb"},"inLanguage":"tr","potentialAction":[{"@type":"ReadAction","target":["https:\/\/bigtalkslittlepeople.com\/tr\/tr-privacy-policy\/"]}]},{"@type":"BreadcrumbList","@id":"https:\/\/bigtalkslittlepeople.com\/tr\/tr-privacy-policy\/#breadcrumb","itemListElement":[{"@type":"ListItem","position":1,"name":"Home","item":"https:\/\/bigtalkslittlepeople.com\/tr\/"},{"@type":"ListItem","position":2,"name":"G\u0130ZL\u0130L\u0130K POL\u0130T\u0130KASI"}]},{"@type":"WebSite","@id":"https:\/\/bigtalkslittlepeople.com\/tr\/#website","url":"https:\/\/bigtalkslittlepeople.com\/tr\/","name":"Big Talks for Little People","description":"","potentialAction":[{"@type":"SearchAction","target":{"@type":"EntryPoint","urlTemplate":"https:\/\/bigtalkslittlepeople.com\/tr\/?s={search_term_string}"},"query-input":{"@type":"PropertyValueSpecification","valueRequired":true,"valueName":"search_term_string"}}],"inLanguage":"tr"}]}},"_links":{"self":[{"href":"https:\/\/bigtalkslittlepeople.com\/tr\/wp-json\/wp\/v2\/pages\/1226","targetHints":{"allow":["GET"]}}],"collection":[{"href":"https:\/\/bigtalkslittlepeople.com\/tr\/wp-json\/wp\/v2\/pages"}],"about":[{"href":"https:\/\/bigtalkslittlepeople.com\/tr\/wp-json\/wp\/v2\/types\/page"}],"author":[{"embeddable":true,"href":"https:\/\/bigtalkslittlepeople.com\/tr\/wp-json\/wp\/v2\/users\/5"}],"replies":[{"embeddable":true,"href":"https:\/\/bigtalkslittlepeople.com\/tr\/wp-json\/wp\/v2\/comments?post=1226"}],"version-history":[{"count":5,"href":"https:\/\/bigtalkslittlepeople.com\/tr\/wp-json\/wp\/v2\/pages\/1226\/revisions"}],"predecessor-version":[{"id":1359,"href":"https:\/\/bigtalkslittlepeople.com\/tr\/wp-json\/wp\/v2\/pages\/1226\/revisions\/1359"}],"wp:attachment":[{"href":"https:\/\/bigtalkslittlepeople.com\/tr\/wp-json\/wp\/v2\/media?parent=1226"}],"wp:term":[{"taxonomy":"folder","embeddable":true,"href":"https:\/\/bigtalkslittlepeople.com\/tr\/wp-json\/wp\/v2\/folder?post=1226"}],"curies":[{"name":"wp","href":"https:\/\/api.w.org\/{rel}","templated":true}]}}